{"id":72,"date":"2023-08-30T15:44:20","date_gmt":"2023-08-30T13:44:20","guid":{"rendered":"http:\/\/skiinterchalon.fr\/?page_id=72"},"modified":"2026-02-12T08:43:33","modified_gmt":"2026-02-12T07:43:33","slug":"inscriptions","status":"publish","type":"page","link":"https:\/\/skiinterchalon.fr\/index.php\/inscriptions\/","title":{"rendered":"Inscriptions"},"content":{"rendered":"\t\t<div data-elementor-type=\"wp-page\" data-elementor-id=\"72\" class=\"elementor elementor-72\">\n\t\t\t\t\t\t<section class=\"elementor-section elementor-top-section elementor-element elementor-element-3bd0200 elementor-section-boxed elementor-section-height-default elementor-section-height-default\" data-id=\"3bd0200\" data-element_type=\"section\" data-e-type=\"section\" data-settings=\"{&quot;_ha_eqh_enable&quot;:false}\">\n\t\t\t\t\t\t<div class=\"elementor-container elementor-column-gap-default\">\n\t\t\t\t\t<div class=\"elementor-column elementor-col-100 elementor-top-column elementor-element elementor-element-e98eb9c\" data-id=\"e98eb9c\" data-element_type=\"column\" data-e-type=\"column\">\n\t\t\t<div class=\"elementor-widget-wrap elementor-element-populated\">\n\t\t\t\t\t\t<div class=\"elementor-element elementor-element-3fc33d8 elementor-widget elementor-widget-text-editor\" data-id=\"3fc33d8\" data-element_type=\"widget\" data-e-type=\"widget\" data-widget_type=\"text-editor.default\">\n\t\t\t\t<div class=\"elementor-widget-container\">\n\t\t\t\t\t\t\t\t\t<p><strong>Inscriptions aux sorties<\/strong><\/p><p><strong>saison 2025 &#8211; 2026<\/strong><\/p>\t\t\t\t\t\t\t\t<\/div>\n\t\t\t\t<\/div>\n\t\t\t\t\t<\/div>\n\t\t<\/div>\n\t\t\t\t\t<\/div>\n\t\t<\/section>\n\t\t\t\t<section class=\"elementor-section elementor-top-section elementor-element elementor-element-febaa21 elementor-section-boxed elementor-section-height-default elementor-section-height-default\" data-id=\"febaa21\" data-element_type=\"section\" data-e-type=\"section\" data-settings=\"{&quot;_ha_eqh_enable&quot;:false}\">\n\t\t\t\t\t\t<div class=\"elementor-container elementor-column-gap-default\">\n\t\t\t\t\t<div class=\"elementor-column elementor-col-100 elementor-top-column elementor-element elementor-element-c32d9f6\" data-id=\"c32d9f6\" data-element_type=\"column\" data-e-type=\"column\">\n\t\t\t<div class=\"elementor-widget-wrap elementor-element-populated\">\n\t\t\t\t\t\t<div class=\"elementor-element elementor-element-7930d82 elementor-align-center elementor-widget elementor-widget-button\" data-id=\"7930d82\" data-element_type=\"widget\" data-e-type=\"widget\" data-widget_type=\"button.default\">\n\t\t\t\t<div class=\"elementor-widget-container\">\n\t\t\t\t\t\t\t\t\t<div class=\"elementor-button-wrapper\">\n\t\t\t\t\t<a class=\"elementor-button elementor-button-link elementor-size-sm\" href=\"https:\/\/skiinter-inscriptions.vercel.app\/\">\n\t\t\t\t\t\t<span class=\"elementor-button-content-wrapper\">\n\t\t\t\t\t\t\t\t\t<span class=\"elementor-button-text\">Bulletin d'inscription<\/span>\n\t\t\t\t\t<\/span>\n\t\t\t\t\t<\/a>\n\t\t\t\t<\/div>\n\t\t\t\t\t\t\t\t<\/div>\n\t\t\t\t<\/div>\n\t\t\t\t<div class=\"elementor-element elementor-element-9f748d0 elementor-widget elementor-widget-text-editor\" data-id=\"9f748d0\" data-element_type=\"widget\" data-e-type=\"widget\" data-widget_type=\"text-editor.default\">\n\t\t\t\t<div class=\"elementor-widget-container\">\n\t\t\t\t\t\t\t\t\t<div><strong>Pour vous inscrire vous pouvez aussi nous contacter par mail \u00e0 <a href=\"mailto:skiinter71@gmail.com\" target=\"_blank\" rel=\"noopener\">skiinter71@gmail.com<\/a><\/strong><\/div><div><strong>Renseignements obligatoires \u00e0 fournir pour chaque participant :<br \/><\/strong><\/div><div><strong>Nom et pr\u00e9nom<br \/><\/strong><\/div><div><div dir=\"auto\"><strong>N\u00b0 de portable<\/strong><\/div><div dir=\"auto\"><strong>Adresse mail<\/strong><\/div><div dir=\"auto\"><strong>Lieu de r\u00e9sidence\u00a0<\/strong><\/div><div dir=\"auto\"><strong>Assurance ou pas<br \/><\/strong><\/div><div dir=\"auto\"><strong>Forfait ou pas<\/strong><\/div><\/div>\t\t\t\t\t\t\t\t<\/div>\n\t\t\t\t<\/div>\n\t\t\t\t\t<\/div>\n\t\t<\/div>\n\t\t\t\t\t<\/div>\n\t\t<\/section>\n\t\t\t\t<section class=\"elementor-section elementor-top-section elementor-element elementor-element-ee00ee8 elementor-section-boxed elementor-section-height-default elementor-section-height-default\" data-id=\"ee00ee8\" data-element_type=\"section\" data-e-type=\"section\" data-settings=\"{&quot;_ha_eqh_enable&quot;:false}\">\n\t\t\t\t\t\t<div class=\"elementor-container elementor-column-gap-default\">\n\t\t\t\t\t<div class=\"elementor-column elementor-col-50 elementor-top-column elementor-element elementor-element-3e8743d\" data-id=\"3e8743d\" data-element_type=\"column\" data-e-type=\"column\">\n\t\t\t<div class=\"elementor-widget-wrap elementor-element-populated\">\n\t\t\t\t\t\t<div class=\"elementor-element elementor-element-31fdab5 ha-has-bg-overlay elementor-widget elementor-widget-text-editor\" data-id=\"31fdab5\" data-element_type=\"widget\" data-e-type=\"widget\" data-widget_type=\"text-editor.default\">\n\t\t\t\t<div class=\"elementor-widget-container\">\n\t\t\t\t\t\t\t\t\t<p><span style=\"text-decoration: underline;\"><strong>Tarif d&#8217;adh\u00e9sion \u00e0 SKI INTER<\/strong><\/span><\/p><p><strong>Pour participer \u00e0 nos sorties vous devrez obligatoirement adh\u00e9rer pour la saison\u00a0 \u00e0 SKI INTER lors de votre premi\u00e8re sortie au prix de :<\/strong><\/p><ul><li><strong>8\u20ac pour un adulte<\/strong><\/li><li><strong>4\u20ac pour un enfant de moins de 16 ans*<\/strong><\/li><li><strong>adh\u00e9sion gratuite pour un enfant de moins de 5 ans et pour les titulaires de la licence carte neige que nous pouvons d\u00e9livrer (voir tarif des licences)<\/strong><\/li><\/ul>\t\t\t\t\t\t\t\t<\/div>\n\t\t\t\t<\/div>\n\t\t\t\t\t<\/div>\n\t\t<\/div>\n\t\t\t\t<div class=\"elementor-column elementor-col-50 elementor-top-column elementor-element elementor-element-c721a15\" data-id=\"c721a15\" data-element_type=\"column\" data-e-type=\"column\">\n\t\t\t<div class=\"elementor-widget-wrap elementor-element-populated\">\n\t\t\t\t\t\t<div class=\"elementor-element elementor-element-47d3a55 elementor-widget elementor-widget-text-editor\" data-id=\"47d3a55\" data-element_type=\"widget\" data-e-type=\"widget\" data-widget_type=\"text-editor.default\">\n\t\t\t\t<div class=\"elementor-widget-container\">\n\t\t\t\t\t\t\t\t\t<p><strong>Tarif des sorties 2025\/2026<\/strong><\/p><p><strong>Pour chaque sortie vous devrez vous acquitter p<\/strong><strong>our le transport :<\/strong><br \/><strong>&#8211; de 35\u20ac par adulte<\/strong><br \/><strong>&#8211; de 17\u20ac pour les jeunes de moins de 16 ans<\/strong><\/p><p><strong>En ce qui concerne les forfaits vous b\u00e9n\u00e9ficierez du tarif pr\u00e9f\u00e9rentiel de notre association (environ 50% du prix individuel station)<\/strong><\/p><p><strong>Pour ceux qui le souhaitent, l&#8217;assurance est de 3.50\u20ac<\/strong><\/p>\t\t\t\t\t\t\t\t<\/div>\n\t\t\t\t<\/div>\n\t\t\t\t\t<\/div>\n\t\t<\/div>\n\t\t\t\t\t<\/div>\n\t\t<\/section>\n\t\t\t\t<section class=\"elementor-section elementor-top-section elementor-element elementor-element-d8b42b5 elementor-section-boxed elementor-section-height-default elementor-section-height-default\" data-id=\"d8b42b5\" data-element_type=\"section\" data-e-type=\"section\" data-settings=\"{&quot;_ha_eqh_enable&quot;:false}\">\n\t\t\t\t\t\t<div class=\"elementor-container elementor-column-gap-default\">\n\t\t\t\t\t<div class=\"elementor-column elementor-col-100 elementor-top-column elementor-element elementor-element-799e4a6\" data-id=\"799e4a6\" data-element_type=\"column\" data-e-type=\"column\">\n\t\t\t<div class=\"elementor-widget-wrap\">\n\t\t\t\t\t\t\t<\/div>\n\t\t<\/div>\n\t\t\t\t\t<\/div>\n\t\t<\/section>\n\t\t\t\t<section class=\"elementor-section elementor-top-section elementor-element elementor-element-196942d elementor-section-boxed elementor-section-height-default elementor-section-height-default\" data-id=\"196942d\" data-element_type=\"section\" data-e-type=\"section\" data-settings=\"{&quot;_ha_eqh_enable&quot;:false}\">\n\t\t\t\t\t\t<div class=\"elementor-container elementor-column-gap-default\">\n\t\t\t\t\t<div class=\"elementor-column elementor-col-100 elementor-top-column elementor-element elementor-element-79f5fdc\" data-id=\"79f5fdc\" data-element_type=\"column\" data-e-type=\"column\">\n\t\t\t<div class=\"elementor-widget-wrap elementor-element-populated\">\n\t\t\t\t\t\t<div class=\"elementor-element elementor-element-71f437d elementor-widget__width-initial elementor-widget elementor-widget-text-editor\" data-id=\"71f437d\" data-element_type=\"widget\" data-e-type=\"widget\" data-widget_type=\"text-editor.default\">\n\t\t\t\t<div class=\"elementor-widget-container\">\n\t\t\t\t\t\t\t\t\t<p><strong>Le paiement par ch\u00e8que ou par carte est pr\u00e9f\u00e9rable et pr\u00e9f\u00e9r\u00e9 !<\/strong><br \/><strong>Ch\u00e8ques A.N.C.V. accept\u00e9s.<\/strong><\/p><p><strong>Nous vous signalons que la pratique du ski se fera sous la responsabilit\u00e9 de chacun<\/strong><br \/><strong>et que les mineurs devront obligatoirement \u00eatre accompagn\u00e9s d\u2019un adulte<\/strong><\/p><p><strong>Merci \u00e0 tous<\/strong><\/p>\t\t\t\t\t\t\t\t<\/div>\n\t\t\t\t<\/div>\n\t\t\t\t<div class=\"elementor-element elementor-element-f32add8 elementor-widget__width-initial elementor-widget elementor-widget-text-editor\" data-id=\"f32add8\" data-element_type=\"widget\" data-e-type=\"widget\" data-widget_type=\"text-editor.default\">\n\t\t\t\t<div class=\"elementor-widget-container\">\n\t\t\t\t\t\t\t\t\t<p><span style=\"text-decoration: underline;\"><strong>En cas de d\u00e9sistement ou absence le transport et l&#8217;assurance restent dus<\/strong><\/span><\/p>\t\t\t\t\t\t\t\t<\/div>\n\t\t\t\t<\/div>\n\t\t\t\t\t<\/div>\n\t\t<\/div>\n\t\t\t\t\t<\/div>\n\t\t<\/section>\n\t\t\t\t<\/div>\n\t\t","protected":false},"excerpt":{"rendered":"<p>Inscriptions aux sorties saison 2025 &#8211; 2026 Bulletin d&#8217;inscription Pour vous inscrire vous pouvez aussi nous contacter par mail \u00e0 skiinter71@gmail.comRenseignements obligatoires \u00e0 fournir pour chaque participant :Nom et pr\u00e9nomN\u00b0 de portableAdresse mailLieu de r\u00e9sidence\u00a0Assurance ou pasForfait ou pas Tarif d&#8217;adh\u00e9sion \u00e0 SKI INTER Pour participer \u00e0 nos sorties vous devrez obligatoirement adh\u00e9rer pour la&hellip;&nbsp;<a href=\"https:\/\/skiinterchalon.fr\/index.php\/inscriptions\/\" class=\"\" rel=\"bookmark\">Lire la suite &raquo;<span class=\"screen-reader-text\">Inscriptions<\/span><\/a><\/p>\n","protected":false},"author":1,"featured_media":0,"parent":0,"menu_order":0,"comment_status":"closed","ping_status":"closed","template":"page-templates\/template-pagebuilder-full-width.php","meta":{"neve_meta_sidebar":"","neve_meta_container":"","neve_meta_enable_content_width":"","neve_meta_content_width":0,"neve_meta_title_alignment":"","neve_meta_author_avatar":"","neve_post_elements_order":"","neve_meta_disable_header":"","neve_meta_disable_footer":"","neve_meta_disable_title":"","footnotes":""},"class_list":["post-72","page","type-page","status-publish","hentry"],"_links":{"self":[{"href":"https:\/\/skiinterchalon.fr\/index.php\/wp-json\/wp\/v2\/pages\/72","targetHints":{"allow":["GET"]}}],"collection":[{"href":"https:\/\/skiinterchalon.fr\/index.php\/wp-json\/wp\/v2\/pages"}],"about":[{"href":"https:\/\/skiinterchalon.fr\/index.php\/wp-json\/wp\/v2\/types\/page"}],"author":[{"embeddable":true,"href":"https:\/\/skiinterchalon.fr\/index.php\/wp-json\/wp\/v2\/users\/1"}],"replies":[{"embeddable":true,"href":"https:\/\/skiinterchalon.fr\/index.php\/wp-json\/wp\/v2\/comments?post=72"}],"version-history":[{"count":97,"href":"https:\/\/skiinterchalon.fr\/index.php\/wp-json\/wp\/v2\/pages\/72\/revisions"}],"predecessor-version":[{"id":3171,"href":"https:\/\/skiinterchalon.fr\/index.php\/wp-json\/wp\/v2\/pages\/72\/revisions\/3171"}],"wp:attachment":[{"href":"https:\/\/skiinterchalon.fr\/index.php\/wp-json\/wp\/v2\/media?parent=72"}],"curies":[{"name":"wp","href":"https:\/\/api.w.org\/{rel}","templated":true}]}}