{"id":1772,"date":"2024-04-08T09:34:23","date_gmt":"2024-04-08T07:34:23","guid":{"rendered":"https:\/\/skiinterchalon.fr\/?page_id=1772"},"modified":"2026-04-13T10:00:04","modified_gmt":"2026-04-13T08:00:04","slug":"la-rosiere-2026","status":"publish","type":"page","link":"https:\/\/skiinterchalon.fr\/index.php\/la-rosiere-2026\/","title":{"rendered":"La Rosi\u00e8re 2026"},"content":{"rendered":"\t\t<div data-elementor-type=\"wp-page\" data-elementor-id=\"1772\" class=\"elementor elementor-1772\">\n\t\t\t\t\t\t<section class=\"elementor-section elementor-top-section elementor-element elementor-element-e54c947 elementor-section-boxed elementor-section-height-default elementor-section-height-default\" data-id=\"e54c947\" data-element_type=\"section\" data-e-type=\"section\" data-settings=\"{&quot;background_background&quot;:&quot;slideshow&quot;,&quot;background_slideshow_slide_duration&quot;:4000,&quot;background_slideshow_gallery&quot;:[],&quot;background_slideshow_loop&quot;:&quot;yes&quot;,&quot;background_slideshow_slide_transition&quot;:&quot;fade&quot;,&quot;background_slideshow_transition_duration&quot;:500,&quot;_ha_eqh_enable&quot;:false}\">\n\t\t\t\t\t\t<div class=\"elementor-container elementor-column-gap-default\">\n\t\t\t\t\t<div class=\"elementor-column elementor-col-100 elementor-top-column elementor-element elementor-element-e4bcce0\" data-id=\"e4bcce0\" data-element_type=\"column\" data-e-type=\"column\">\n\t\t\t<div class=\"elementor-widget-wrap elementor-element-populated\">\n\t\t\t\t\t\t<div class=\"elementor-element elementor-element-2bbd6bd elementor-widget__width-initial animated-slow ha-css-transform-yes elementor-invisible ha-has-bg-overlay elementor-widget elementor-widget-text-editor\" data-id=\"2bbd6bd\" data-element_type=\"widget\" data-e-type=\"widget\" data-settings=\"{&quot;_animation&quot;:&quot;rollIn&quot;}\" data-widget_type=\"text-editor.default\">\n\t\t\t\t<div class=\"elementor-widget-container\">\n\t\t\t\t\t\t\t\t\t<p>La Rosi\u00e8re 21 mars 2026<\/p><p>Nous avions rendez-vous \u00e0 4h30 pour un d\u00e9part pr\u00e9vu \u00e0 4h45, mais le bus est finalement arriv\u00e9 vers 4h55 : les chauffeurs ne trouvaient pas les cl\u00e9s au d\u00e9p\u00f4t.\u00a0<span style=\"background-color: transparent;\">Nous avons donc quitt\u00e9 Ch\u00e2lons \u00e0 5h05 avec 57 personnes \u00e0 bord.<\/span><\/p><p>Le trajet aller a dur\u00e9 un peu plus de 5h00, avec une courte pause de 10 minutes. Nous sommes arriv\u00e9s \u00e0 La Rosi\u00e8re vers 10h00. <span style=\"background-color: transparent;\">La r\u00e9cup\u00e9ration des forfaits a pris plus de 30 minutes, car une erreur de date s\u2019\u00e9tait gliss\u00e9e dans la r\u00e9servation : elle \u00e9tait dat\u00e9e au 22 mars au lieu du 21.\u00a0<\/span><\/p><p>Nous avons commenc\u00e9 \u00e0 skier vers 10h30.<\/p><p>La neige \u00e9tait bonne en altitude, c\u00f4t\u00e9 fran\u00e7ais (vers 2800 m), et m\u00eame tr\u00e8s bonne c\u00f4t\u00e9 italien gr\u00e2ce \u00e0 une meilleure exposition.Le matin \u00e9tait ensoleill\u00e9 avec quelques passages nuageux, puis le ciel s\u2019est couvert dans l\u2019apr\u00e8s-midi, avec quelques averses de neige en fin de journ\u00e9e.<\/p><p>La neige c\u00f4t\u00e9 fran\u00e7ais s\u2019est alourdie dans l\u2019apr\u00e8s-midi pour le retour, mais dans l\u2019ensemble, la journ\u00e9e de ski franco-italien a \u00e9t\u00e9 tr\u00e8s r\u00e9ussie.<\/p><p>Le retour a \u00e9t\u00e9 plus rapide : d\u00e9part \u00e0 16h50 et arriv\u00e9e \u00e0 Ch\u00e2lons \u00e0 21h40.\u00a0Tout le monde \u00e9tait satisfait, et la majorit\u00e9 des participants ont m\u00eame profit\u00e9 d\u2019un repas dans des auberges italiennes.<\/p><p>Nous ne connaissions cette station, mais elle vaut vraiment le d\u00e9tour, avec des sommets \u00e9lev\u00e9s. \u00c0 refaire<\/p><p>Un grand merci \u00e0 tous pour votre fid\u00e9lit\u00e9.<\/p>\t\t\t\t\t\t\t\t<\/div>\n\t\t\t\t<\/div>\n\t\t\t\t\t<\/div>\n\t\t<\/div>\n\t\t\t\t\t<\/div>\n\t\t<\/section>\n\t\t\t\t<section class=\"elementor-section elementor-top-section elementor-element elementor-element-a7b64f3 elementor-section-boxed elementor-section-height-default elementor-section-height-default\" data-id=\"a7b64f3\" data-element_type=\"section\" data-e-type=\"section\" data-settings=\"{&quot;_ha_eqh_enable&quot;:false}\">\n\t\t\t\t\t\t<div class=\"elementor-container elementor-column-gap-default\">\n\t\t\t\t\t<div class=\"elementor-column elementor-col-100 elementor-top-column elementor-element elementor-element-7f929b5\" data-id=\"7f929b5\" data-element_type=\"column\" data-e-type=\"column\">\n\t\t\t<div class=\"elementor-widget-wrap elementor-element-populated\">\n\t\t\t\t\t\t<div class=\"elementor-element elementor-element-d8dd6c2 elementor-arrows-position-outside elementor-widget__width-inherit elementor-pagination-position-outside elementor-widget elementor-widget-image-carousel\" data-id=\"d8dd6c2\" data-element_type=\"widget\" data-e-type=\"widget\" data-settings=\"{&quot;slides_to_show&quot;:&quot;1&quot;,&quot;navigation&quot;:&quot;both&quot;,&quot;autoplay&quot;:&quot;yes&quot;,&quot;pause_on_hover&quot;:&quot;yes&quot;,&quot;pause_on_interaction&quot;:&quot;yes&quot;,&quot;autoplay_speed&quot;:5000,&quot;infinite&quot;:&quot;yes&quot;,&quot;effect&quot;:&quot;slide&quot;,&quot;speed&quot;:500}\" data-widget_type=\"image-carousel.default\">\n\t\t\t\t<div class=\"elementor-widget-container\">\n\t\t\t\t\t\t\t<div class=\"elementor-image-carousel-wrapper swiper\" role=\"region\" aria-roledescription=\"carousel\" aria-label=\"Carrousel d\u2019images\" dir=\"ltr\">\n\t\t\t<div class=\"elementor-image-carousel swiper-wrapper\" aria-live=\"off\">\n\t\t\t\t\t\t\t\t<div class=\"swiper-slide\" role=\"group\" aria-roledescription=\"slide\" aria-label=\"1 sur 17\"><figure class=\"swiper-slide-inner\"><img decoding=\"async\" class=\"swiper-slide-image\" src=\"https:\/\/skiinterchalon.fr\/wp-content\/uploads\/2026\/03\/unnamed-8-1-768x576.jpg\" alt=\"unnamed (8)\" \/><\/figure><\/div><div class=\"swiper-slide\" role=\"group\" aria-roledescription=\"slide\" aria-label=\"2 sur 17\"><figure class=\"swiper-slide-inner\"><img decoding=\"async\" class=\"swiper-slide-image\" src=\"https:\/\/skiinterchalon.fr\/wp-content\/uploads\/2026\/03\/unnamed-6.jpg\" alt=\"unnamed (6)\" \/><\/figure><\/div><div class=\"swiper-slide\" role=\"group\" aria-roledescription=\"slide\" aria-label=\"3 sur 17\"><figure class=\"swiper-slide-inner\"><img decoding=\"async\" class=\"swiper-slide-image\" src=\"https:\/\/skiinterchalon.fr\/wp-content\/uploads\/2026\/03\/unnamed-5-1.jpg\" alt=\"unnamed (5)\" \/><\/figure><\/div><div class=\"swiper-slide\" role=\"group\" aria-roledescription=\"slide\" aria-label=\"4 sur 17\"><figure class=\"swiper-slide-inner\"><img decoding=\"async\" class=\"swiper-slide-image\" src=\"https:\/\/skiinterchalon.fr\/wp-content\/uploads\/2026\/03\/unnamed-2-1-768x576.jpg\" alt=\"unnamed (2)\" \/><\/figure><\/div><div class=\"swiper-slide\" role=\"group\" aria-roledescription=\"slide\" aria-label=\"5 sur 17\"><figure class=\"swiper-slide-inner\"><img decoding=\"async\" class=\"swiper-slide-image\" src=\"https:\/\/skiinterchalon.fr\/wp-content\/uploads\/2026\/03\/unnamed-1.jpg\" alt=\"unnamed (1)\" \/><\/figure><\/div><div class=\"swiper-slide\" role=\"group\" aria-roledescription=\"slide\" aria-label=\"6 sur 17\"><figure class=\"swiper-slide-inner\"><img decoding=\"async\" class=\"swiper-slide-image\" src=\"https:\/\/skiinterchalon.fr\/wp-content\/uploads\/2026\/03\/unnamed-4-1.jpg\" alt=\"unnamed (4)\" \/><\/figure><\/div><div class=\"swiper-slide\" role=\"group\" aria-roledescription=\"slide\" aria-label=\"7 sur 17\"><figure class=\"swiper-slide-inner\"><img decoding=\"async\" class=\"swiper-slide-image\" src=\"https:\/\/skiinterchalon.fr\/wp-content\/uploads\/2026\/03\/unnamed-10-1-768x576.jpg\" alt=\"unnamed (10)\" \/><\/figure><\/div><div class=\"swiper-slide\" role=\"group\" aria-roledescription=\"slide\" aria-label=\"8 sur 17\"><figure class=\"swiper-slide-inner\"><img decoding=\"async\" class=\"swiper-slide-image\" src=\"https:\/\/skiinterchalon.fr\/wp-content\/uploads\/2026\/03\/unnamed-11-1.jpg\" alt=\"unnamed (11)\" \/><\/figure><\/div><div class=\"swiper-slide\" role=\"group\" aria-roledescription=\"slide\" aria-label=\"9 sur 17\"><figure class=\"swiper-slide-inner\"><img decoding=\"async\" class=\"swiper-slide-image\" src=\"https:\/\/skiinterchalon.fr\/wp-content\/uploads\/2026\/03\/vlcsnap-2026-03-22-18h51m42s915-768x576.png\" alt=\"vlcsnap-2026-03-22-18h51m42s915\" \/><\/figure><\/div><div class=\"swiper-slide\" role=\"group\" aria-roledescription=\"slide\" aria-label=\"10 sur 17\"><figure class=\"swiper-slide-inner\"><img decoding=\"async\" class=\"swiper-slide-image\" src=\"https:\/\/skiinterchalon.fr\/wp-content\/uploads\/2026\/03\/vlcsnap-2026-03-22-18h51m42s915-1-768x576.png\" alt=\"vlcsnap-2026-03-22-18h51m42s915 (1)\" \/><\/figure><\/div><div class=\"swiper-slide\" role=\"group\" aria-roledescription=\"slide\" aria-label=\"11 sur 17\"><figure class=\"swiper-slide-inner\"><img decoding=\"async\" class=\"swiper-slide-image\" src=\"https:\/\/skiinterchalon.fr\/wp-content\/uploads\/2026\/03\/vlcsnap-2026-03-22-18h50m25s125-768x576.png\" alt=\"vlcsnap-2026-03-22-18h50m25s125\" \/><\/figure><\/div><div class=\"swiper-slide\" role=\"group\" aria-roledescription=\"slide\" aria-label=\"12 sur 17\"><figure class=\"swiper-slide-inner\"><img decoding=\"async\" class=\"swiper-slide-image\" src=\"https:\/\/skiinterchalon.fr\/wp-content\/uploads\/2026\/03\/unnamed-3-768x576.jpg\" alt=\"unnamed\" \/><\/figure><\/div><div class=\"swiper-slide\" role=\"group\" aria-roledescription=\"slide\" aria-label=\"13 sur 17\"><figure class=\"swiper-slide-inner\"><img decoding=\"async\" class=\"swiper-slide-image\" src=\"https:\/\/skiinterchalon.fr\/wp-content\/uploads\/2026\/03\/unnamed-17.jpg\" alt=\"unnamed (17)\" \/><\/figure><\/div><div class=\"swiper-slide\" role=\"group\" aria-roledescription=\"slide\" aria-label=\"14 sur 17\"><figure class=\"swiper-slide-inner\"><img decoding=\"async\" class=\"swiper-slide-image\" src=\"https:\/\/skiinterchalon.fr\/wp-content\/uploads\/2026\/03\/unnamed-16.jpg\" alt=\"unnamed (16)\" \/><\/figure><\/div><div class=\"swiper-slide\" role=\"group\" aria-roledescription=\"slide\" aria-label=\"15 sur 17\"><figure class=\"swiper-slide-inner\"><img decoding=\"async\" class=\"swiper-slide-image\" src=\"https:\/\/skiinterchalon.fr\/wp-content\/uploads\/2026\/03\/unnamed-15.jpg\" alt=\"unnamed (15)\" \/><\/figure><\/div><div class=\"swiper-slide\" role=\"group\" aria-roledescription=\"slide\" aria-label=\"16 sur 17\"><figure class=\"swiper-slide-inner\"><img decoding=\"async\" class=\"swiper-slide-image\" src=\"https:\/\/skiinterchalon.fr\/wp-content\/uploads\/2026\/03\/unnamed-14.jpg\" alt=\"unnamed (14)\" \/><\/figure><\/div><div class=\"swiper-slide\" role=\"group\" aria-roledescription=\"slide\" aria-label=\"17 sur 17\"><figure class=\"swiper-slide-inner\"><img decoding=\"async\" class=\"swiper-slide-image\" src=\"https:\/\/skiinterchalon.fr\/wp-content\/uploads\/2026\/03\/unnamed-12.jpg\" alt=\"unnamed (12)\" \/><\/figure><\/div>\t\t\t<\/div>\n\t\t\t\t\t\t\t\t\t\t\t\t<div class=\"elementor-swiper-button elementor-swiper-button-prev\" role=\"button\" tabindex=\"0\">\n\t\t\t\t\t\t<i aria-hidden=\"true\" class=\"eicon-chevron-left\"><\/i>\t\t\t\t\t<\/div>\n\t\t\t\t\t<div class=\"elementor-swiper-button elementor-swiper-button-next\" role=\"button\" tabindex=\"0\">\n\t\t\t\t\t\t<i aria-hidden=\"true\" class=\"eicon-chevron-right\"><\/i>\t\t\t\t\t<\/div>\n\t\t\t\t\n\t\t\t\t\t\t\t\t\t<div class=\"swiper-pagination\"><\/div>\n\t\t\t\t\t\t\t\t\t<\/div>\n\t\t\t\t\t\t<\/div>\n\t\t\t\t<\/div>\n\t\t\t\t\t<\/div>\n\t\t<\/div>\n\t\t\t\t\t<\/div>\n\t\t<\/section>\n\t\t\t\t<\/div>\n\t\t","protected":false},"excerpt":{"rendered":"<p>La Rosi\u00e8re 21 mars 2026 Nous avions rendez-vous \u00e0 4h30 pour un d\u00e9part pr\u00e9vu \u00e0 4h45, mais le bus est finalement arriv\u00e9 vers 4h55 : les chauffeurs ne trouvaient pas les cl\u00e9s au d\u00e9p\u00f4t.\u00a0Nous avons donc quitt\u00e9 Ch\u00e2lons \u00e0 5h05 avec 57 personnes \u00e0 bord. Le trajet aller a dur\u00e9 un peu plus de 5h00,&hellip;&nbsp;<a href=\"https:\/\/skiinterchalon.fr\/index.php\/la-rosiere-2026\/\" class=\"\" rel=\"bookmark\">Lire la suite &raquo;<span class=\"screen-reader-text\">La Rosi\u00e8re 2026<\/span><\/a><\/p>\n","protected":false},"author":2,"featured_media":0,"parent":0,"menu_order":0,"comment_status":"closed","ping_status":"closed","template":"page-templates\/template-pagebuilder-full-width.php","meta":{"neve_meta_sidebar":"","neve_meta_container":"","neve_meta_enable_content_width":"","neve_meta_content_width":0,"neve_meta_title_alignment":"","neve_meta_author_avatar":"","neve_post_elements_order":"","neve_meta_disable_header":"","neve_meta_disable_footer":"","neve_meta_disable_title":"","footnotes":""},"class_list":["post-1772","page","type-page","status-publish","hentry"],"_links":{"self":[{"href":"https:\/\/skiinterchalon.fr\/index.php\/wp-json\/wp\/v2\/pages\/1772","targetHints":{"allow":["GET"]}}],"collection":[{"href":"https:\/\/skiinterchalon.fr\/index.php\/wp-json\/wp\/v2\/pages"}],"about":[{"href":"https:\/\/skiinterchalon.fr\/index.php\/wp-json\/wp\/v2\/types\/page"}],"author":[{"embeddable":true,"href":"https:\/\/skiinterchalon.fr\/index.php\/wp-json\/wp\/v2\/users\/2"}],"replies":[{"embeddable":true,"href":"https:\/\/skiinterchalon.fr\/index.php\/wp-json\/wp\/v2\/comments?post=1772"}],"version-history":[{"count":72,"href":"https:\/\/skiinterchalon.fr\/index.php\/wp-json\/wp\/v2\/pages\/1772\/revisions"}],"predecessor-version":[{"id":3332,"href":"https:\/\/skiinterchalon.fr\/index.php\/wp-json\/wp\/v2\/pages\/1772\/revisions\/3332"}],"wp:attachment":[{"href":"https:\/\/skiinterchalon.fr\/index.php\/wp-json\/wp\/v2\/media?parent=1772"}],"curies":[{"name":"wp","href":"https:\/\/api.w.org\/{rel}","templated":true}]}}