{"id":1493,"date":"2024-02-20T07:46:50","date_gmt":"2024-02-20T06:46:50","guid":{"rendered":"https:\/\/skiinterchalon.fr\/?page_id=1493"},"modified":"2026-03-10T08:53:23","modified_gmt":"2026-03-10T07:53:23","slug":"bardonecchia","status":"publish","type":"page","link":"https:\/\/skiinterchalon.fr\/index.php\/bardonecchia\/","title":{"rendered":"Bardonecchia"},"content":{"rendered":"\t\t<div data-elementor-type=\"wp-page\" data-elementor-id=\"1493\" class=\"elementor elementor-1493\">\n\t\t\t\t\t\t<section class=\"elementor-section elementor-top-section elementor-element elementor-element-e54c947 elementor-section-boxed elementor-section-height-default elementor-section-height-default\" data-id=\"e54c947\" data-element_type=\"section\" data-e-type=\"section\" data-settings=\"{&quot;background_background&quot;:&quot;slideshow&quot;,&quot;background_slideshow_slide_duration&quot;:4000,&quot;background_slideshow_gallery&quot;:[],&quot;background_slideshow_loop&quot;:&quot;yes&quot;,&quot;background_slideshow_slide_transition&quot;:&quot;fade&quot;,&quot;background_slideshow_transition_duration&quot;:500,&quot;_ha_eqh_enable&quot;:false}\">\n\t\t\t\t\t\t<div class=\"elementor-container elementor-column-gap-default\">\n\t\t\t\t\t<div class=\"elementor-column elementor-col-100 elementor-top-column elementor-element elementor-element-e4bcce0\" data-id=\"e4bcce0\" data-element_type=\"column\" data-e-type=\"column\">\n\t\t\t<div class=\"elementor-widget-wrap elementor-element-populated\">\n\t\t\t\t\t\t<div class=\"elementor-element elementor-element-2bbd6bd elementor-widget__width-initial animated-slow elementor-invisible ha-has-bg-overlay elementor-widget elementor-widget-text-editor\" data-id=\"2bbd6bd\" data-element_type=\"widget\" data-e-type=\"widget\" data-settings=\"{&quot;_animation&quot;:&quot;rollIn&quot;}\" data-widget_type=\"text-editor.default\">\n\t\t\t\t<div class=\"elementor-widget-container\">\n\t\t\t\t\t\t\t\t\t<div>\n<p data-start=\"197\" data-end=\"216\">Sortie Bardonecchia le 07 mars 2026<\/p>\n<p data-start=\"172\" data-end=\"329\">Samedi 7 mars, 56 personnes sont parties d\u00e9couvrir la station de <span class=\"hover:entity-accent entity-underline inline cursor-pointer align-baseline\"><span class=\"whitespace-normal\">Bardonecchia<\/span><\/span>, en <span class=\"hover:entity-accent entity-underline inline cursor-pointer align-baseline\"><span class=\"whitespace-normal\">Italie<\/span><\/span>.\u00a0Apr\u00e8s environ 20 minutes d\u2019attente au tunnel du <span class=\"hover:entity-accent entity-underline inline cursor-pointer align-baseline\"><span class=\"whitespace-normal\">Tunnel du Fr\u00e9jus<\/span><\/span>, nous sommes arriv\u00e9s \u00e0 la station vers 9 h 30.<\/p>\n<p data-start=\"473\" data-end=\"625\">La matin\u00e9e s\u2019est d\u00e9roul\u00e9e le beau temps, avec toutefois quelques nuages accroch\u00e9s aux cr\u00eates et une neige un peu dure sur certaines pistes.\u00a0Dans l\u2019apr\u00e8s-midi, le ciel s\u2019est d\u00e9gag\u00e9 et, avec la hausse des temp\u00e9ratures, la neige est devenue plus lourde en bas des pistes. Heureusement, sur les hauteurs, elle est rest\u00e9e agr\u00e9able \u00e0 skier.\u00a0Tout le monde n\u2019a pas eu l\u2019occasion d\u2019acc\u00e9der au secteur de <span class=\"hover:entity-accent entity-underline inline cursor-pointer align-baseline\"><span class=\"whitespace-normal\">Jafferau<\/span><\/span>, un peu plus \u00e9loign\u00e9 du domaine principal et plus restreint.<\/p>\n<p data-start=\"995\" data-end=\"1132\">Dans l\u2019ensemble, ce fut une belle journ\u00e9e, qui a permis \u00e0 chacun de profiter du ski dans un environnement diff\u00e9rent et d\u00e9paysant.<\/p>\n<p data-start=\"1134\" data-end=\"1280\">Le retour s\u2019est effectu\u00e9 dans de bonnes conditions : gr\u00e2ce \u00e0 une circulation fluide et \u00e0 un acc\u00e8s facile, nous \u00e9tions de retour \u00e0 21 h 22.<\/p>\n<p data-start=\"1282\" data-end=\"1375\">Un grand merci \u00e0 tous pour le respect des horaires, y compris lors des diff\u00e9rents arr\u00eats.<\/p>\n<strong>R<\/strong><\/div>\t\t\t\t\t\t\t\t<\/div>\n\t\t\t\t<\/div>\n\t\t\t\t\t<\/div>\n\t\t<\/div>\n\t\t\t\t\t<\/div>\n\t\t<\/section>\n\t\t\t\t<section class=\"elementor-section elementor-top-section elementor-element elementor-element-879bd05 elementor-section-boxed elementor-section-height-default elementor-section-height-default\" data-id=\"879bd05\" data-element_type=\"section\" data-e-type=\"section\" data-settings=\"{&quot;background_background&quot;:&quot;slideshow&quot;,&quot;background_slideshow_slide_duration&quot;:4000,&quot;background_slideshow_gallery&quot;:[],&quot;background_slideshow_loop&quot;:&quot;yes&quot;,&quot;background_slideshow_slide_transition&quot;:&quot;fade&quot;,&quot;background_slideshow_transition_duration&quot;:500,&quot;_ha_eqh_enable&quot;:false}\">\n\t\t\t\t\t\t<div class=\"elementor-container elementor-column-gap-default\">\n\t\t\t\t\t<div class=\"elementor-column elementor-col-100 elementor-top-column elementor-element elementor-element-6cc5c01\" data-id=\"6cc5c01\" data-element_type=\"column\" data-e-type=\"column\">\n\t\t\t<div class=\"elementor-widget-wrap elementor-element-populated\">\n\t\t\t\t\t\t<div class=\"elementor-element elementor-element-cba074b elementor-widget__width-initial elementor-arrows-position-inside elementor-pagination-position-outside elementor-invisible elementor-widget elementor-widget-image-carousel\" data-id=\"cba074b\" data-element_type=\"widget\" data-e-type=\"widget\" data-settings=\"{&quot;slides_to_show&quot;:&quot;2&quot;,&quot;slides_to_scroll&quot;:&quot;1&quot;,&quot;_animation&quot;:&quot;fadeIn&quot;,&quot;_animation_delay&quot;:200,&quot;pause_on_hover&quot;:&quot;no&quot;,&quot;autoplay_speed&quot;:3000,&quot;navigation&quot;:&quot;both&quot;,&quot;autoplay&quot;:&quot;yes&quot;,&quot;pause_on_interaction&quot;:&quot;yes&quot;,&quot;infinite&quot;:&quot;yes&quot;,&quot;speed&quot;:500,&quot;image_spacing_custom&quot;:{&quot;unit&quot;:&quot;px&quot;,&quot;size&quot;:20,&quot;sizes&quot;:[]},&quot;image_spacing_custom_tablet&quot;:{&quot;unit&quot;:&quot;px&quot;,&quot;size&quot;:&quot;&quot;,&quot;sizes&quot;:[]},&quot;image_spacing_custom_mobile&quot;:{&quot;unit&quot;:&quot;px&quot;,&quot;size&quot;:&quot;&quot;,&quot;sizes&quot;:[]}}\" data-widget_type=\"image-carousel.default\">\n\t\t\t\t<div class=\"elementor-widget-container\">\n\t\t\t\t\t\t\t<div class=\"elementor-image-carousel-wrapper swiper\" role=\"region\" aria-roledescription=\"carousel\" aria-label=\"Carrousel d\u2019images\" dir=\"ltr\">\n\t\t\t<div class=\"elementor-image-carousel swiper-wrapper swiper-image-stretch\" aria-live=\"off\">\n\t\t\t\t\t\t\t\t<div class=\"swiper-slide\" role=\"group\" aria-roledescription=\"slide\" aria-label=\"1 sur 21\"><figure class=\"swiper-slide-inner\"><img decoding=\"async\" class=\"swiper-slide-image\" src=\"https:\/\/skiinterchalon.fr\/wp-content\/uploads\/2026\/03\/1000006433.jpg\" alt=\"1000006433\" \/><\/figure><\/div><div class=\"swiper-slide\" role=\"group\" aria-roledescription=\"slide\" aria-label=\"2 sur 21\"><figure class=\"swiper-slide-inner\"><img decoding=\"async\" class=\"swiper-slide-image\" src=\"https:\/\/skiinterchalon.fr\/wp-content\/uploads\/2026\/03\/vlcsnap-2026-03-09-09h11m13s552-768x576.png\" alt=\"vlcsnap-2026-03-09-09h11m13s552\" \/><\/figure><\/div><div class=\"swiper-slide\" role=\"group\" aria-roledescription=\"slide\" aria-label=\"3 sur 21\"><figure class=\"swiper-slide-inner\"><img decoding=\"async\" class=\"swiper-slide-image\" src=\"https:\/\/skiinterchalon.fr\/wp-content\/uploads\/2026\/03\/vlcsnap-2026-03-09-09h09m47s214.png\" alt=\"vlcsnap-2026-03-09-09h09m47s214\" \/><\/figure><\/div><div class=\"swiper-slide\" role=\"group\" aria-roledescription=\"slide\" aria-label=\"4 sur 21\"><figure class=\"swiper-slide-inner\"><img decoding=\"async\" class=\"swiper-slide-image\" src=\"https:\/\/skiinterchalon.fr\/wp-content\/uploads\/2026\/03\/vlcsnap-2026-03-09-09h08m42s142-768x576.png\" alt=\"vlcsnap-2026-03-09-09h08m42s142\" \/><\/figure><\/div><div class=\"swiper-slide\" role=\"group\" aria-roledescription=\"slide\" aria-label=\"5 sur 21\"><figure class=\"swiper-slide-inner\"><img decoding=\"async\" class=\"swiper-slide-image\" src=\"https:\/\/skiinterchalon.fr\/wp-content\/uploads\/2026\/03\/unnamed.jpg\" alt=\"unnamed\" \/><\/figure><\/div><div class=\"swiper-slide\" role=\"group\" aria-roledescription=\"slide\" aria-label=\"6 sur 21\"><figure class=\"swiper-slide-inner\"><img decoding=\"async\" class=\"swiper-slide-image\" src=\"https:\/\/skiinterchalon.fr\/wp-content\/uploads\/2026\/03\/unnamed-11-768x576.jpg\" alt=\"unnamed (11)\" \/><\/figure><\/div><div class=\"swiper-slide\" role=\"group\" aria-roledescription=\"slide\" aria-label=\"7 sur 21\"><figure class=\"swiper-slide-inner\"><img decoding=\"async\" class=\"swiper-slide-image\" src=\"https:\/\/skiinterchalon.fr\/wp-content\/uploads\/2026\/03\/unnamed-10.jpg\" alt=\"unnamed (10)\" \/><\/figure><\/div><div class=\"swiper-slide\" role=\"group\" aria-roledescription=\"slide\" aria-label=\"8 sur 21\"><figure class=\"swiper-slide-inner\"><img decoding=\"async\" class=\"swiper-slide-image\" src=\"https:\/\/skiinterchalon.fr\/wp-content\/uploads\/2026\/03\/unnamed-9-768x576.jpg\" alt=\"unnamed (9)\" \/><\/figure><\/div><div class=\"swiper-slide\" role=\"group\" aria-roledescription=\"slide\" aria-label=\"9 sur 21\"><figure class=\"swiper-slide-inner\"><img decoding=\"async\" class=\"swiper-slide-image\" src=\"https:\/\/skiinterchalon.fr\/wp-content\/uploads\/2026\/03\/unnamed-8.jpg\" alt=\"unnamed (8)\" \/><\/figure><\/div><div class=\"swiper-slide\" role=\"group\" aria-roledescription=\"slide\" aria-label=\"10 sur 21\"><figure class=\"swiper-slide-inner\"><img decoding=\"async\" class=\"swiper-slide-image\" src=\"https:\/\/skiinterchalon.fr\/wp-content\/uploads\/2026\/03\/unnamed-7-768x576.jpg\" alt=\"unnamed (7)\" \/><\/figure><\/div><div class=\"swiper-slide\" role=\"group\" aria-roledescription=\"slide\" aria-label=\"11 sur 21\"><figure class=\"swiper-slide-inner\"><img decoding=\"async\" class=\"swiper-slide-image\" src=\"https:\/\/skiinterchalon.fr\/wp-content\/uploads\/2026\/03\/unnamed-5.jpg\" alt=\"unnamed (5)\" \/><\/figure><\/div><div class=\"swiper-slide\" role=\"group\" aria-roledescription=\"slide\" aria-label=\"12 sur 21\"><figure class=\"swiper-slide-inner\"><img decoding=\"async\" class=\"swiper-slide-image\" src=\"https:\/\/skiinterchalon.fr\/wp-content\/uploads\/2026\/03\/unnamed-4-768x576.jpg\" alt=\"unnamed (4)\" \/><\/figure><\/div><div class=\"swiper-slide\" role=\"group\" aria-roledescription=\"slide\" aria-label=\"13 sur 21\"><figure class=\"swiper-slide-inner\"><img decoding=\"async\" class=\"swiper-slide-image\" src=\"https:\/\/skiinterchalon.fr\/wp-content\/uploads\/2026\/03\/unnamed-2-768x576.jpg\" alt=\"unnamed (2)\" \/><\/figure><\/div><div class=\"swiper-slide\" role=\"group\" aria-roledescription=\"slide\" aria-label=\"14 sur 21\"><figure class=\"swiper-slide-inner\"><img decoding=\"async\" class=\"swiper-slide-image\" src=\"https:\/\/skiinterchalon.fr\/wp-content\/uploads\/2026\/03\/P1010193-768x576.jpg\" alt=\"P1010193\" \/><\/figure><\/div><div class=\"swiper-slide\" role=\"group\" aria-roledescription=\"slide\" aria-label=\"15 sur 21\"><figure class=\"swiper-slide-inner\"><img decoding=\"async\" class=\"swiper-slide-image\" src=\"https:\/\/skiinterchalon.fr\/wp-content\/uploads\/2026\/03\/P1010184-768x577.jpg\" alt=\"P1010184\" \/><\/figure><\/div><div class=\"swiper-slide\" role=\"group\" aria-roledescription=\"slide\" aria-label=\"16 sur 21\"><figure class=\"swiper-slide-inner\"><img decoding=\"async\" class=\"swiper-slide-image\" src=\"https:\/\/skiinterchalon.fr\/wp-content\/uploads\/2026\/03\/P1010180-768x577.jpg\" alt=\"P1010180\" \/><\/figure><\/div><div class=\"swiper-slide\" role=\"group\" aria-roledescription=\"slide\" aria-label=\"17 sur 21\"><figure class=\"swiper-slide-inner\"><img decoding=\"async\" class=\"swiper-slide-image\" src=\"https:\/\/skiinterchalon.fr\/wp-content\/uploads\/2026\/03\/P1010179-768x502.jpg\" alt=\"P1010179\" \/><\/figure><\/div><div class=\"swiper-slide\" role=\"group\" aria-roledescription=\"slide\" aria-label=\"18 sur 21\"><figure class=\"swiper-slide-inner\"><img decoding=\"async\" class=\"swiper-slide-image\" src=\"https:\/\/skiinterchalon.fr\/wp-content\/uploads\/2026\/03\/IMG_20260307_114744-768x576.jpg\" alt=\"IMG_20260307_114744\" \/><\/figure><\/div><div class=\"swiper-slide\" role=\"group\" aria-roledescription=\"slide\" aria-label=\"19 sur 21\"><figure class=\"swiper-slide-inner\"><img decoding=\"async\" class=\"swiper-slide-image\" src=\"https:\/\/skiinterchalon.fr\/wp-content\/uploads\/2026\/03\/IMG_20260307_114538-768x576.jpg\" alt=\"IMG_20260307_114538\" \/><\/figure><\/div><div class=\"swiper-slide\" role=\"group\" aria-roledescription=\"slide\" aria-label=\"20 sur 21\"><figure class=\"swiper-slide-inner\"><img decoding=\"async\" class=\"swiper-slide-image\" src=\"https:\/\/skiinterchalon.fr\/wp-content\/uploads\/2026\/03\/IMG_20260307_114529-768x576.jpg\" alt=\"IMG_20260307_114529\" \/><\/figure><\/div><div class=\"swiper-slide\" role=\"group\" aria-roledescription=\"slide\" aria-label=\"21 sur 21\"><figure class=\"swiper-slide-inner\"><img decoding=\"async\" class=\"swiper-slide-image\" src=\"https:\/\/skiinterchalon.fr\/wp-content\/uploads\/2026\/03\/1000006434.jpg\" alt=\"1000006434\" \/><\/figure><\/div>\t\t\t<\/div>\n\t\t\t\t\t\t\t\t\t\t\t\t<div class=\"elementor-swiper-button elementor-swiper-button-prev\" role=\"button\" tabindex=\"0\">\n\t\t\t\t\t\t<i aria-hidden=\"true\" class=\"eicon-chevron-left\"><\/i>\t\t\t\t\t<\/div>\n\t\t\t\t\t<div class=\"elementor-swiper-button elementor-swiper-button-next\" role=\"button\" tabindex=\"0\">\n\t\t\t\t\t\t<i aria-hidden=\"true\" class=\"eicon-chevron-right\"><\/i>\t\t\t\t\t<\/div>\n\t\t\t\t\n\t\t\t\t\t\t\t\t\t<div class=\"swiper-pagination\"><\/div>\n\t\t\t\t\t\t\t\t\t<\/div>\n\t\t\t\t\t\t<\/div>\n\t\t\t\t<\/div>\n\t\t\t\t\t<\/div>\n\t\t<\/div>\n\t\t\t\t\t<\/div>\n\t\t<\/section>\n\t\t\t\t<\/div>\n\t\t","protected":false},"excerpt":{"rendered":"<p>Sortie Bardonecchia le 07 mars 2026 Samedi 7 mars, 56 personnes sont parties d\u00e9couvrir la station de Bardonecchia, en Italie.\u00a0Apr\u00e8s environ 20 minutes d\u2019attente au tunnel du Tunnel du Fr\u00e9jus, nous sommes arriv\u00e9s \u00e0 la station vers 9 h 30. La matin\u00e9e s\u2019est d\u00e9roul\u00e9e le beau temps, avec toutefois quelques nuages accroch\u00e9s aux cr\u00eates et&hellip;&nbsp;<a href=\"https:\/\/skiinterchalon.fr\/index.php\/bardonecchia\/\" class=\"\" rel=\"bookmark\">Lire la suite &raquo;<span class=\"screen-reader-text\">Bardonecchia<\/span><\/a><\/p>\n","protected":false},"author":2,"featured_media":0,"parent":0,"menu_order":0,"comment_status":"closed","ping_status":"closed","template":"page-templates\/template-pagebuilder-full-width.php","meta":{"neve_meta_sidebar":"","neve_meta_container":"","neve_meta_enable_content_width":"","neve_meta_content_width":0,"neve_meta_title_alignment":"","neve_meta_author_avatar":"","neve_post_elements_order":"","neve_meta_disable_header":"","neve_meta_disable_footer":"","neve_meta_disable_title":"","footnotes":""},"class_list":["post-1493","page","type-page","status-publish","hentry"],"_links":{"self":[{"href":"https:\/\/skiinterchalon.fr\/index.php\/wp-json\/wp\/v2\/pages\/1493","targetHints":{"allow":["GET"]}}],"collection":[{"href":"https:\/\/skiinterchalon.fr\/index.php\/wp-json\/wp\/v2\/pages"}],"about":[{"href":"https:\/\/skiinterchalon.fr\/index.php\/wp-json\/wp\/v2\/types\/page"}],"author":[{"embeddable":true,"href":"https:\/\/skiinterchalon.fr\/index.php\/wp-json\/wp\/v2\/users\/2"}],"replies":[{"embeddable":true,"href":"https:\/\/skiinterchalon.fr\/index.php\/wp-json\/wp\/v2\/comments?post=1493"}],"version-history":[{"count":25,"href":"https:\/\/skiinterchalon.fr\/index.php\/wp-json\/wp\/v2\/pages\/1493\/revisions"}],"predecessor-version":[{"id":3264,"href":"https:\/\/skiinterchalon.fr\/index.php\/wp-json\/wp\/v2\/pages\/1493\/revisions\/3264"}],"wp:attachment":[{"href":"https:\/\/skiinterchalon.fr\/index.php\/wp-json\/wp\/v2\/media?parent=1493"}],"curies":[{"name":"wp","href":"https:\/\/api.w.org\/{rel}","templated":true}]}}