{"id":1362,"date":"2024-02-05T08:07:38","date_gmt":"2024-02-05T07:07:38","guid":{"rendered":"https:\/\/skiinterchalon.fr\/?page_id=1362"},"modified":"2026-02-10T15:35:32","modified_gmt":"2026-02-10T14:35:32","slug":"les-gets","status":"publish","type":"page","link":"https:\/\/skiinterchalon.fr\/index.php\/les-gets\/","title":{"rendered":"Les Gets"},"content":{"rendered":"\t\t<div data-elementor-type=\"wp-page\" data-elementor-id=\"1362\" class=\"elementor elementor-1362\">\n\t\t\t\t\t\t<section class=\"elementor-section elementor-top-section elementor-element elementor-element-e54c947 elementor-section-boxed elementor-section-height-default elementor-section-height-default\" data-id=\"e54c947\" data-element_type=\"section\" data-e-type=\"section\" data-settings=\"{&quot;background_background&quot;:&quot;slideshow&quot;,&quot;background_slideshow_slide_duration&quot;:4000,&quot;background_slideshow_gallery&quot;:[],&quot;background_slideshow_loop&quot;:&quot;yes&quot;,&quot;background_slideshow_slide_transition&quot;:&quot;fade&quot;,&quot;background_slideshow_transition_duration&quot;:500,&quot;_ha_eqh_enable&quot;:false}\">\n\t\t\t\t\t\t<div class=\"elementor-container elementor-column-gap-default\">\n\t\t\t\t\t<div class=\"elementor-column elementor-col-100 elementor-top-column elementor-element elementor-element-e4bcce0\" data-id=\"e4bcce0\" data-element_type=\"column\" data-e-type=\"column\">\n\t\t\t<div class=\"elementor-widget-wrap elementor-element-populated\">\n\t\t\t\t\t\t<div class=\"elementor-element elementor-element-2bbd6bd elementor-widget__width-initial animated-slow elementor-invisible ha-has-bg-overlay elementor-widget elementor-widget-text-editor\" data-id=\"2bbd6bd\" data-element_type=\"widget\" data-e-type=\"widget\" data-settings=\"{&quot;_animation&quot;:&quot;rollIn&quot;}\" data-widget_type=\"text-editor.default\">\n\t\t\t\t<div class=\"elementor-widget-container\">\n\t\t\t\t\t\t\t\t\t<p data-start=\"197\" data-end=\"216\"><strong data-start=\"197\" data-end=\"216\">Sortie aux Gets<\/strong><\/p><p data-start=\"218\" data-end=\"347\">Nous \u00e9tions <strong data-start=\"230\" data-end=\"245\">110 skieurs<\/strong> au d\u00e9part de <strong data-start=\"259\" data-end=\"269\">Chalon<\/strong>. Un <strong data-start=\"274\" data-end=\"295\">magnifique soleil<\/strong> nous a accueillis d\u00e8s notre arriv\u00e9e sur les pistes.<\/p><p data-start=\"349\" data-end=\"596\">Des <strong data-start=\"353\" data-end=\"372\">pistes superbes<\/strong> et une <strong data-start=\"380\" data-end=\"404\">neige exceptionnelle<\/strong> nous ont r\u00e9gal\u00e9s tout au long de la journ\u00e9e. En fin d\u2019apr\u00e8s-midi, quelques <strong data-start=\"480\" data-end=\"498\">petits cumulus<\/strong> sont venus assombrir l\u00e9g\u00e8rement le ciel, sans rien enlever au plaisir de cette tr\u00e8s belle sortie.<\/p><p data-start=\"598\" data-end=\"691\">Nous avons pass\u00e9 une <strong data-start=\"619\" data-end=\"648\">excellente journ\u00e9e de ski<\/strong>, dans une ambiance conviviale et d\u00e9tendue.<\/p><p data-start=\"693\" data-end=\"816\"><strong data-start=\"693\" data-end=\"718\">L\u2019\u00e9quipe de Ski Inter<\/strong> vous remercie pour la <strong data-start=\"741\" data-end=\"754\">confiance<\/strong> que vous nous accordez, ainsi que pour votre <strong data-start=\"800\" data-end=\"815\">ponctualit\u00e9<\/strong>.<\/p>\t\t\t\t\t\t\t\t<\/div>\n\t\t\t\t<\/div>\n\t\t\t\t\t<\/div>\n\t\t<\/div>\n\t\t\t\t\t<\/div>\n\t\t<\/section>\n\t\t\t\t<section class=\"elementor-section elementor-top-section elementor-element elementor-element-5d65150 elementor-section-boxed elementor-section-height-default elementor-section-height-default\" data-id=\"5d65150\" data-element_type=\"section\" data-e-type=\"section\" data-settings=\"{&quot;_ha_eqh_enable&quot;:false}\">\n\t\t\t\t\t\t<div class=\"elementor-container elementor-column-gap-default\">\n\t\t\t\t\t<div class=\"elementor-column elementor-col-100 elementor-top-column elementor-element elementor-element-c5d11d2\" data-id=\"c5d11d2\" data-element_type=\"column\" data-e-type=\"column\">\n\t\t\t<div class=\"elementor-widget-wrap elementor-element-populated\">\n\t\t\t\t\t\t<div class=\"elementor-element elementor-element-a0e53d6 elementor-arrows-position-inside elementor-pagination-position-outside elementor-widget elementor-widget-image-carousel\" data-id=\"a0e53d6\" data-element_type=\"widget\" data-e-type=\"widget\" data-settings=\"{&quot;navigation&quot;:&quot;both&quot;,&quot;autoplay&quot;:&quot;yes&quot;,&quot;pause_on_hover&quot;:&quot;yes&quot;,&quot;pause_on_interaction&quot;:&quot;yes&quot;,&quot;autoplay_speed&quot;:5000,&quot;infinite&quot;:&quot;yes&quot;,&quot;speed&quot;:500}\" data-widget_type=\"image-carousel.default\">\n\t\t\t\t<div class=\"elementor-widget-container\">\n\t\t\t\t\t\t\t<div class=\"elementor-image-carousel-wrapper swiper\" role=\"region\" aria-roledescription=\"carousel\" aria-label=\"Carrousel d\u2019images\" dir=\"ltr\">\n\t\t\t<div class=\"elementor-image-carousel swiper-wrapper\" aria-live=\"off\">\n\t\t\t\t\t\t\t\t<div class=\"swiper-slide\" role=\"group\" aria-roledescription=\"slide\" aria-label=\"1 sur 22\"><figure class=\"swiper-slide-inner\"><img decoding=\"async\" class=\"swiper-slide-image\" src=\"https:\/\/skiinterchalon.fr\/wp-content\/uploads\/2026\/02\/vlcsnap-2026-02-10-10h37m39s403-300x200.png\" alt=\"vlcsnap-2026-02-10-10h37m39s403\" \/><\/figure><\/div><div class=\"swiper-slide\" role=\"group\" aria-roledescription=\"slide\" aria-label=\"2 sur 22\"><figure class=\"swiper-slide-inner\"><img decoding=\"async\" class=\"swiper-slide-image\" src=\"https:\/\/skiinterchalon.fr\/wp-content\/uploads\/2026\/02\/vlcsnap-2026-02-10-10h37m23s441-300x200.png\" alt=\"vlcsnap-2026-02-10-10h37m23s441\" \/><\/figure><\/div><div class=\"swiper-slide\" role=\"group\" aria-roledescription=\"slide\" aria-label=\"3 sur 22\"><figure class=\"swiper-slide-inner\"><img decoding=\"async\" class=\"swiper-slide-image\" src=\"https:\/\/skiinterchalon.fr\/wp-content\/uploads\/2026\/02\/vlcsnap-2026-02-10-10h00m29s601-300x169.png\" alt=\"vlcsnap-2026-02-10-10h00m29s601\" \/><\/figure><\/div><div class=\"swiper-slide\" role=\"group\" aria-roledescription=\"slide\" aria-label=\"4 sur 22\"><figure class=\"swiper-slide-inner\"><img decoding=\"async\" class=\"swiper-slide-image\" src=\"https:\/\/skiinterchalon.fr\/wp-content\/uploads\/2026\/02\/vlcsnap-2026-02-10-09h59m58s043-300x225.png\" alt=\"vlcsnap-2026-02-10-09h59m58s043\" \/><\/figure><\/div><div class=\"swiper-slide\" role=\"group\" aria-roledescription=\"slide\" aria-label=\"5 sur 22\"><figure class=\"swiper-slide-inner\"><img decoding=\"async\" class=\"swiper-slide-image\" src=\"https:\/\/skiinterchalon.fr\/wp-content\/uploads\/2026\/02\/P1010156-300x225.jpg\" alt=\"P1010156\" \/><\/figure><\/div><div class=\"swiper-slide\" role=\"group\" aria-roledescription=\"slide\" aria-label=\"6 sur 22\"><figure class=\"swiper-slide-inner\"><img decoding=\"async\" class=\"swiper-slide-image\" src=\"https:\/\/skiinterchalon.fr\/wp-content\/uploads\/2026\/02\/P1010148-300x225.jpg\" alt=\"P1010148\" \/><\/figure><\/div><div class=\"swiper-slide\" role=\"group\" aria-roledescription=\"slide\" aria-label=\"7 sur 22\"><figure class=\"swiper-slide-inner\"><img decoding=\"async\" class=\"swiper-slide-image\" src=\"https:\/\/skiinterchalon.fr\/wp-content\/uploads\/2026\/02\/IMG_5271-225x300.jpeg\" alt=\"IMG_5271\" \/><\/figure><\/div><div class=\"swiper-slide\" role=\"group\" aria-roledescription=\"slide\" aria-label=\"8 sur 22\"><figure class=\"swiper-slide-inner\"><img decoding=\"async\" class=\"swiper-slide-image\" src=\"https:\/\/skiinterchalon.fr\/wp-content\/uploads\/2026\/02\/IMG_5266-200x300.jpeg\" alt=\"IMG_5266\" \/><\/figure><\/div><div class=\"swiper-slide\" role=\"group\" aria-roledescription=\"slide\" aria-label=\"9 sur 22\"><figure class=\"swiper-slide-inner\"><img decoding=\"async\" class=\"swiper-slide-image\" src=\"https:\/\/skiinterchalon.fr\/wp-content\/uploads\/2026\/02\/IMG_5264-300x225.jpeg\" alt=\"IMG_5264\" \/><\/figure><\/div><div class=\"swiper-slide\" role=\"group\" aria-roledescription=\"slide\" aria-label=\"10 sur 22\"><figure class=\"swiper-slide-inner\"><img decoding=\"async\" class=\"swiper-slide-image\" src=\"https:\/\/skiinterchalon.fr\/wp-content\/uploads\/2026\/02\/20260207_122444-300x225.jpg\" alt=\"20260207_122444\" \/><\/figure><\/div><div class=\"swiper-slide\" role=\"group\" aria-roledescription=\"slide\" aria-label=\"11 sur 22\"><figure class=\"swiper-slide-inner\"><img decoding=\"async\" class=\"swiper-slide-image\" src=\"https:\/\/skiinterchalon.fr\/wp-content\/uploads\/2026\/02\/1000024494-139x300.jpg\" alt=\"1000024494\" \/><\/figure><\/div><div class=\"swiper-slide\" role=\"group\" aria-roledescription=\"slide\" aria-label=\"12 sur 22\"><figure class=\"swiper-slide-inner\"><img decoding=\"async\" class=\"swiper-slide-image\" src=\"https:\/\/skiinterchalon.fr\/wp-content\/uploads\/2026\/02\/1000024561-1-138x300.jpg\" alt=\"1000024561 (1)\" \/><\/figure><\/div><div class=\"swiper-slide\" role=\"group\" aria-roledescription=\"slide\" aria-label=\"13 sur 22\"><figure class=\"swiper-slide-inner\"><img decoding=\"async\" class=\"swiper-slide-image\" src=\"https:\/\/skiinterchalon.fr\/wp-content\/uploads\/2026\/02\/1000024569-138x300.jpg\" alt=\"1000024569\" \/><\/figure><\/div><div class=\"swiper-slide\" role=\"group\" aria-roledescription=\"slide\" aria-label=\"14 sur 22\"><figure class=\"swiper-slide-inner\"><img decoding=\"async\" class=\"swiper-slide-image\" src=\"https:\/\/skiinterchalon.fr\/wp-content\/uploads\/2026\/02\/1000024578-138x300.jpg\" alt=\"1000024578\" \/><\/figure><\/div><div class=\"swiper-slide\" role=\"group\" aria-roledescription=\"slide\" aria-label=\"15 sur 22\"><figure class=\"swiper-slide-inner\"><img decoding=\"async\" class=\"swiper-slide-image\" src=\"https:\/\/skiinterchalon.fr\/wp-content\/uploads\/2026\/02\/1000024591-139x300.jpg\" alt=\"1000024591\" \/><\/figure><\/div><div class=\"swiper-slide\" role=\"group\" aria-roledescription=\"slide\" aria-label=\"16 sur 22\"><figure class=\"swiper-slide-inner\"><img decoding=\"async\" class=\"swiper-slide-image\" src=\"https:\/\/skiinterchalon.fr\/wp-content\/uploads\/2026\/02\/1000024596-300x139.jpg\" alt=\"1000024596\" \/><\/figure><\/div><div class=\"swiper-slide\" role=\"group\" aria-roledescription=\"slide\" aria-label=\"17 sur 22\"><figure class=\"swiper-slide-inner\"><img decoding=\"async\" class=\"swiper-slide-image\" src=\"https:\/\/skiinterchalon.fr\/wp-content\/uploads\/2026\/02\/1000024627-300x138.jpg\" alt=\"1000024627\" \/><\/figure><\/div><div class=\"swiper-slide\" role=\"group\" aria-roledescription=\"slide\" aria-label=\"18 sur 22\"><figure class=\"swiper-slide-inner\"><img decoding=\"async\" class=\"swiper-slide-image\" src=\"https:\/\/skiinterchalon.fr\/wp-content\/uploads\/2026\/02\/1000024668-169x300.jpg\" alt=\"1000024668\" \/><\/figure><\/div><div class=\"swiper-slide\" role=\"group\" aria-roledescription=\"slide\" aria-label=\"19 sur 22\"><figure class=\"swiper-slide-inner\"><img decoding=\"async\" class=\"swiper-slide-image\" src=\"https:\/\/skiinterchalon.fr\/wp-content\/uploads\/2026\/02\/20260207_102153-300x225.jpg\" alt=\"20260207_102153\" \/><\/figure><\/div><div class=\"swiper-slide\" role=\"group\" aria-roledescription=\"slide\" aria-label=\"20 sur 22\"><figure class=\"swiper-slide-inner\"><img decoding=\"async\" class=\"swiper-slide-image\" src=\"https:\/\/skiinterchalon.fr\/wp-content\/uploads\/2026\/02\/20260207_102143-300x225.jpg\" alt=\"20260207_102143\" \/><\/figure><\/div><div class=\"swiper-slide\" role=\"group\" aria-roledescription=\"slide\" aria-label=\"21 sur 22\"><figure class=\"swiper-slide-inner\"><img decoding=\"async\" class=\"swiper-slide-image\" src=\"https:\/\/skiinterchalon.fr\/wp-content\/uploads\/2026\/02\/20260207_102138-300x225.jpg\" alt=\"20260207_102138\" \/><\/figure><\/div><div class=\"swiper-slide\" role=\"group\" aria-roledescription=\"slide\" aria-label=\"22 sur 22\"><figure class=\"swiper-slide-inner\"><img decoding=\"async\" class=\"swiper-slide-image\" src=\"https:\/\/skiinterchalon.fr\/wp-content\/uploads\/2026\/02\/20260207_092058-300x225.jpg\" alt=\"20260207_092058\" \/><\/figure><\/div>\t\t\t<\/div>\n\t\t\t\t\t\t\t\t\t\t\t\t<div class=\"elementor-swiper-button elementor-swiper-button-prev\" role=\"button\" tabindex=\"0\">\n\t\t\t\t\t\t<i aria-hidden=\"true\" class=\"eicon-chevron-left\"><\/i>\t\t\t\t\t<\/div>\n\t\t\t\t\t<div class=\"elementor-swiper-button elementor-swiper-button-next\" role=\"button\" tabindex=\"0\">\n\t\t\t\t\t\t<i aria-hidden=\"true\" class=\"eicon-chevron-right\"><\/i>\t\t\t\t\t<\/div>\n\t\t\t\t\n\t\t\t\t\t\t\t\t\t<div class=\"swiper-pagination\"><\/div>\n\t\t\t\t\t\t\t\t\t<\/div>\n\t\t\t\t\t\t<\/div>\n\t\t\t\t<\/div>\n\t\t\t\t\t<\/div>\n\t\t<\/div>\n\t\t\t\t\t<\/div>\n\t\t<\/section>\n\t\t\t\t<\/div>\n\t\t","protected":false},"excerpt":{"rendered":"<p>Sortie aux Gets Nous \u00e9tions 110 skieurs au d\u00e9part de Chalon. Un magnifique soleil nous a accueillis d\u00e8s notre arriv\u00e9e sur les pistes. Des pistes superbes et une neige exceptionnelle nous ont r\u00e9gal\u00e9s tout au long de la journ\u00e9e. En fin d\u2019apr\u00e8s-midi, quelques petits cumulus sont venus assombrir l\u00e9g\u00e8rement le ciel, sans rien enlever au&hellip;&nbsp;<a href=\"https:\/\/skiinterchalon.fr\/index.php\/les-gets\/\" class=\"\" rel=\"bookmark\">Lire la suite &raquo;<span class=\"screen-reader-text\">Les Gets<\/span><\/a><\/p>\n","protected":false},"author":2,"featured_media":0,"parent":0,"menu_order":0,"comment_status":"closed","ping_status":"closed","template":"page-templates\/template-pagebuilder-full-width.php","meta":{"neve_meta_sidebar":"","neve_meta_container":"","neve_meta_enable_content_width":"","neve_meta_content_width":0,"neve_meta_title_alignment":"","neve_meta_author_avatar":"","neve_post_elements_order":"","neve_meta_disable_header":"","neve_meta_disable_footer":"","neve_meta_disable_title":"","footnotes":""},"class_list":["post-1362","page","type-page","status-publish","hentry"],"_links":{"self":[{"href":"https:\/\/skiinterchalon.fr\/index.php\/wp-json\/wp\/v2\/pages\/1362","targetHints":{"allow":["GET"]}}],"collection":[{"href":"https:\/\/skiinterchalon.fr\/index.php\/wp-json\/wp\/v2\/pages"}],"about":[{"href":"https:\/\/skiinterchalon.fr\/index.php\/wp-json\/wp\/v2\/types\/page"}],"author":[{"embeddable":true,"href":"https:\/\/skiinterchalon.fr\/index.php\/wp-json\/wp\/v2\/users\/2"}],"replies":[{"embeddable":true,"href":"https:\/\/skiinterchalon.fr\/index.php\/wp-json\/wp\/v2\/comments?post=1362"}],"version-history":[{"count":25,"href":"https:\/\/skiinterchalon.fr\/index.php\/wp-json\/wp\/v2\/pages\/1362\/revisions"}],"predecessor-version":[{"id":3154,"href":"https:\/\/skiinterchalon.fr\/index.php\/wp-json\/wp\/v2\/pages\/1362\/revisions\/3154"}],"wp:attachment":[{"href":"https:\/\/skiinterchalon.fr\/index.php\/wp-json\/wp\/v2\/media?parent=1362"}],"curies":[{"name":"wp","href":"https:\/\/api.w.org\/{rel}","templated":true}]}}